{"id":263,"date":"2025-07-01T17:45:10","date_gmt":"2025-07-01T14:45:10","guid":{"rendered":"https:\/\/dmlc.org.br\/wp\/?page_id=263"},"modified":"2025-09-07T03:26:10","modified_gmt":"2025-09-07T00:26:10","slug":"mensagem-do-presidente","status":"publish","type":"page","link":"https:\/\/dmlc.org.br\/wp\/mensagem-do-presidente\/","title":{"rendered":"Mensagem do Presidente"},"content":{"rendered":"\n<p><\/p>\n\n\n\n<div class=\"section-wrapper\" data-id=\"SYXShv\"><section class=\"wp-block-gutenverse-section guten-element guten-section guten-SYXShv layout-boxed align-stretch\"><div class=\"guten-container guten-column-gap-default\">\n<div class=\"wp-block-gutenverse-column guten-element guten-column guten-Fy3Mfm\"><div class=\"guten-column-wrapper\" data-id=\"Fy3Mfm\">\n<h4 class=\"wp-block-gutenverse-heading guten-element guten-saeF7U\">CC Luiz Antonio Avelar &#8211; Lions Clube Juiz de Fora Manchester<\/h4>\n<\/div><\/div>\n<\/div><\/section><\/div>\n\n\n\n<div class=\"section-wrapper\" data-id=\"gKGQbt\"><section class=\"wp-block-gutenverse-section guten-element guten-section guten-gKGQbt layout-boxed align-stretch\"><div class=\"guten-container guten-column-gap-default\">\n<div class=\"wp-block-gutenverse-column guten-element guten-column guten-jtjswJ\"><div class=\"guten-column-wrapper\" data-id=\"jtjswJ\">\n<div class=\"guten-element gutenverse-text-editor guten-yLK0Gw\"><div class=\"text-content-inner\">\n<p class=\"has-text-align-left has-third-background-color has-background has-small-font-size\">Caros CCaLL, CCLL, CCLEO e Castores<br><strong>Como \u00e9 bom ser Lions!<\/strong><br>Servir desinteressadamente aos mais necessitados, doar parte do seu tempo para o<br>bem\u2026 como \u00e9 bom! A Ousadia de Amar, \u00e9 algo maravilhoso para quem recebe, mas muito mais para quem entrega servi\u00e7o por amor (Paulo a Tim\u00f3teo), pela Ousadia de Servir ao pr\u00f3ximo e principalmente servir aos mais carentes. Servir, Liderar e Inspirar para entregar fraternidade e esperan\u00e7a. Entregar o melhor para o LIONS, \u00e9 Fortalecer o Servir com Uni\u00e3o!<br>Por quem os sinos dobram? \u00c9 uma pergunta a ser respondida\u2026. Dobram por n\u00f3s mesmos! Pois, Meu Cora\u00e7\u00e3o Pulsa no Compasso do Amor ao Pr\u00f3ximo, e neste compasso a alma do protagonista se alegra com o feito. Somente Conectados no Servir, um cora\u00e7\u00e3o alegra e revigora. Temos grandes desafios neste AL 2025\/2026, INSPIRADORES, mas grandes, imensos desafios, ousados, sen\u00e3o vejamos\u2026 Miss\u00e3o 1.5, com meta arrojada de crescimento; LCIF, apoio \u00e0 nossa Funda\u00e7\u00e3o, estarmos ombro a ombro com ela, na presta\u00e7\u00e3o e na capta\u00e7\u00e3o; A\u00e7\u00f5es Globais, as arrojadas e diversificadas metas das v\u00e1rias a\u00e7\u00f5es globais propostas, pontos de focos e orienta\u00e7\u00f5es para o trabalho; LEOS, o desenvolvimento e crescimento desses clubes de tanta import\u00e2ncia para os clubes de Lions; Castores, para onde vamos caminhar?; entre tantas outras metas e desafios. Haja inspira\u00e7\u00e3o! Mas em tudo, sempre o \u201cfazer com o cora\u00e7\u00e3o\u201d. Precisamos Unir para Servir, e Semear o Servir, Cultivando Rela\u00e7\u00f5es, assim, juntos vamos desenvolver a Magia do Servir.  Aos Governadores do Colegiado Inspira\u00e7\u00e3o, desejamos muita sorte, lembrando que antes da sorte, para muito mais sucesso, \u00e9 o trabalho, que acima da sorte, leva \u00e0 resultados. E nisso voc\u00eas e equipes s\u00e3o expert. Mas precisamos Conhecer para Evoluir e poder Promover, seja o que for, mas falo do bem-estar dos mais necessitados, dos mais fr\u00e1geis. Aos Colegiados Conex\u00e3o e Alian\u00e7a, reportamos da mesma forma, estamos unidos em prol dos mesmos ideais. Acreditem, estamos ombreados nos desafios, n\u00f3s e todo Colegiado Inspira\u00e7\u00e3o. Somente Servindo com Inova\u00e7\u00e3o e Renova\u00e7\u00e3o teremos sucesso na caminhada. A estrada, foi pavimentada pelos colegiados anteriores, dos v\u00e1rios PCC\u2019s que passaram por aqui. Mais do que liderar, eles inspiraram. Mais do que servir, eles deixaram marcas. Nosso DMLC \u00e9 melhor hoje gra\u00e7as \u00e0 dedica\u00e7\u00e3o, coragem e  ompromisso destes altru\u00edstas que nos antecederam, conclu\u00edram sua jornada. Voc\u00eas  PPC\u2019s, n\u00e3o importa. Registramos aqui nosso reconhecimento, de todos n\u00f3s do M\u00faltiplo, e a certeza de que seu trabalho continuar\u00e1 ecoando em cada a\u00e7\u00e3o futura. Parab\u00e9ns por suas gest\u00f5es marcantes e inspiradoras. N\u00f3s agora precisamos dar continuidade. O caminho n\u00e3o \u00e9 f\u00e1cil, \u00e9 desafiador, mas \u00e9 gratificante. As sementes espalhadas, dar\u00e3o \u00e1rvores frondosas e frutos alvissareiros. Alimentaremos esperan\u00e7as e levaremos fraternidade. Aqui, quero lembrar, O poder do abra\u00e7o fraterno de 30 segundos, pode transformar o mundo, o seu, o meu, o nosso, o mundo todo. Entrega, \u00e9 algo necess\u00e1rio para a realiza\u00e7\u00e3o, seja do trabalho que for, seja do que quer entregar, o resultado est\u00e1 diretamente ligado ao modo de como ir\u00e1 fazer esta entrega, com o CORA\u00c7\u00c3O, ou apenas por fazer. Coloque o amor na ponta dos dedos e tudo acontecer\u00e1 da melhor forma. A Magia do Servir surgir\u00e1 e a Ousadia de Amar premiar\u00e1 o resultado. Seu clube, seu distrito, seu m\u00faltiplo, SEU!, contam contigo, e n\u00f3s tamb\u00e9m, mas, de novo, estamos juntos. O Colegiado Inspira\u00e7\u00e3o, com todos os DG\u2019s unidos, formando uma equipe, como foi at\u00e9 aqui, como foi no Panam\u00e1, o resultado vir\u00e1. Nosso Colegiado \u00e9 um time que veio para vencer e deixar o seu legado, na continua\u00e7\u00e3o de um \u201cN\u00f3s Servimos\u201d cada dia mais pujante e distribuindo servi\u00e7os. Quando entregamos, quando o Lions entrega um servi\u00e7o de qualidade, est\u00e1 mais do que ajudando, est\u00e1 encantando, acolhendo e construindo um mundo melhor. Servir com qualidade \u00e9 mais do que doar tempo, \u00e9 viver o lema \u2018Nos Servimos\u201d com proposito. Assim, realizamos um servi\u00e7o que transforma comunidades e inspira esperan\u00e7a. Quando o CORA\u00c7\u00c3O se une a A\u00c7\u00c3O, o impacto \u00e9 inesquec\u00edvel. Onde h\u00e1 um Le\u00e3o, COMPROMETIDO, h\u00e1 a Magia do Servir em execu\u00e7\u00e3o. A excel\u00eancia do<br>servir \u00e9 a marca dos Le\u00f5es. Ent\u00e3o, juntos, com \u2026 a Ousadia de Amar, vamos Inspirar o Servir com Ousadia, e transformar o mundo. <strong>N\u00f3s servimos, n\u00f3s pertencemos!<\/strong><\/p>\n\n\n\n<p class=\"has-small-font-size\">Sauda\u00e7\u00f5es Leon\u00edsticas,<\/p>\n\n\n\n<p class=\"has-small-font-size\"><strong>CC PMJF Luiz Ant\u00f4nio Avelar \/ CaL Ver\u00f4nica<br>Presidente do CG DMLC<br>LC de Juiz de Fora Manchester &#8211; Distrito LC 12<br>LC de Espera Feliz &#8211; Distrito LC 12<\/strong><\/p>\n<\/div><\/div>\n<\/div><\/div>\n\n\n\n<div class=\"wp-block-gutenverse-column guten-element guten-column guten-6XoqCz\"><div class=\"guten-column-wrapper\" data-id=\"6XoqCz\">\n<figure class=\"wp-block-image aligncenter size-full has-custom-border\"><img loading=\"lazy\" decoding=\"async\" width=\"917\" height=\"770\" src=\"https:\/\/dmlc.org.br\/wp\/wp-content\/uploads\/2025\/06\/FotoAvelar.jpg\" alt=\"\" class=\"wp-image-240\" style=\"border-width:3px\" srcset=\"https:\/\/dmlc.org.br\/wp\/wp-content\/uploads\/2025\/06\/FotoAvelar.jpg 917w, https:\/\/dmlc.org.br\/wp\/wp-content\/uploads\/2025\/06\/FotoAvelar-300x252.jpg 300w, https:\/\/dmlc.org.br\/wp\/wp-content\/uploads\/2025\/06\/FotoAvelar-768x645.jpg 768w\" sizes=\"auto, (max-width: 917px) 100vw, 917px\" \/><\/figure>\n\n\n\n<h5 class=\"wp-block-gutenverse-heading guten-element guten-v7dwFg\">CC Avelar e CaL Ver\u00f4nica<br>AL 2025\/2026<br>DMLC<\/h5>\n<\/div><\/div>\n<\/div><\/section><\/div>\n","protected":false},"excerpt":{"rendered":"","protected":false},"author":1,"featured_media":0,"parent":0,"menu_order":0,"comment_status":"closed","ping_status":"closed","template":"","meta":{"footnotes":""},"class_list":["post-263","page","type-page","status-publish","hentry"],"_links":{"self":[{"href":"https:\/\/dmlc.org.br\/wp\/wp-json\/wp\/v2\/pages\/263","targetHints":{"allow":["GET"]}}],"collection":[{"href":"https:\/\/dmlc.org.br\/wp\/wp-json\/wp\/v2\/pages"}],"about":[{"href":"https:\/\/dmlc.org.br\/wp\/wp-json\/wp\/v2\/types\/page"}],"author":[{"embeddable":true,"href":"https:\/\/dmlc.org.br\/wp\/wp-json\/wp\/v2\/users\/1"}],"replies":[{"embeddable":true,"href":"https:\/\/dmlc.org.br\/wp\/wp-json\/wp\/v2\/comments?post=263"}],"version-history":[{"count":8,"href":"https:\/\/dmlc.org.br\/wp\/wp-json\/wp\/v2\/pages\/263\/revisions"}],"predecessor-version":[{"id":579,"href":"https:\/\/dmlc.org.br\/wp\/wp-json\/wp\/v2\/pages\/263\/revisions\/579"}],"wp:attachment":[{"href":"https:\/\/dmlc.org.br\/wp\/wp-json\/wp\/v2\/media?parent=263"}],"curies":[{"name":"wp","href":"https:\/\/api.w.org\/{rel}","templated":true}]}}