{"id":505,"date":"2025-08-27T19:26:35","date_gmt":"2025-08-27T16:26:35","guid":{"rendered":"https:\/\/dmlc.org.br\/wp\/?page_id=505"},"modified":"2025-08-28T01:13:27","modified_gmt":"2025-08-27T22:13:27","slug":"lion-portal","status":"publish","type":"page","link":"https:\/\/dmlc.org.br\/wp\/lion-portal\/","title":{"rendered":"Lion Portal"},"content":{"rendered":"\n<div class=\"section-wrapper\" data-id=\"973n0x\"><section class=\"wp-block-gutenverse-section guten-element guten-section guten-973n0x layout-boxed align-stretch\"><div class=\"guten-container guten-column-gap-default\">\n<div class=\"wp-block-gutenverse-column guten-element guten-column guten-LohIWc\"><div class=\"guten-column-wrapper\" data-id=\"LohIWc\">\n<h2 class=\"wp-block-gutenverse-heading guten-element guten-3tRXUd\">Lion Portal &#8211; Orienta\u00e7\u00f5es e M\u00e9tricas<\/h2>\n<\/div><\/div>\n<\/div><\/section><\/div>\n\n\n\n<div class=\"section-wrapper\" data-id=\"mqC52y\"><section class=\"wp-block-gutenverse-section guten-element guten-section guten-mqC52y layout-boxed align-stretch\"><div class=\"guten-container guten-column-gap-default\">\n<div class=\"wp-block-gutenverse-column guten-element guten-column guten-da5gF7\"><div class=\"guten-column-wrapper\" data-id=\"da5gF7\">\n<p class=\"has-small-font-size\">Obrigado pela sua visita! Colocamos abaixo algumas orienta\u00e7\u00f5es para facilitar o entendimento e o reporte de Atividades de Servi\u00e7o no LION PORTAL. Veja no detalhe que os informes t\u00eam um GRUPO com apenas 4 (quatro) \u00edtens a seguir: ( Doa\u00e7\u00e3o, Angaria\u00e7\u00e3o de Fundos, Reuni\u00e3o e Projeto de Servi\u00e7o). Sempre que iniciarmos o reporte, teremos que nos ater a um destes 4 (quatro). Mostramos detalhamente o que cada Atividade exigir\u00e1 como Causa, porque s\u00e3o bastante diversificadas. Ao lado, colocamos as M\u00e9tricas, que foram desenvolvidas em 2023 ainda quando existia o MyLION e at\u00e9 hoje estamos nos baseando nestas tabelas. Lions Internacional n\u00e3o publicou novas m\u00e9tricas, portanto para uma melhor padroniza\u00e7\u00e3o dos informes esta ainda est\u00e1 servindo. Na parte de baixo de cada publica\u00e7\u00e3o, clique no link (laranjado) que o documento ser\u00e1 aberto em uma nova p\u00e1gina. Bom uso para todos!<\/p>\n\n\n\n<p><\/p>\n<\/div><\/div>\n<\/div><\/section><\/div>\n\n\n\n<div class=\"section-wrapper\" data-id=\"TWDD7j\"><section class=\"wp-block-gutenverse-section guten-element guten-section guten-TWDD7j layout-boxed align-stretch\"><div class=\"guten-container guten-column-gap-default\">\n<div class=\"wp-block-gutenverse-column guten-element guten-column guten-JaSRmD\"><div class=\"guten-column-wrapper\" data-id=\"JaSRmD\">\n<div class=\"guten-element guten-button-wrapper guten-41EfdR\"><a class=\"guten-button guten-button-md\" href=\"https:\/\/lionsinternational.my.site.com\/s\/login\/?language=pt_BR\" target=\"_blank\" rel=\"noreferrer noopener\"><span><strong>Entrar no LION PORTAL<\/strong><\/span><\/a><\/div>\n\n\n\n<p class=\"has-normal-font-size\">Quem pode reportar no LION PORTAL?<\/p>\n\n\n\n<p class=\"has-normal-font-size\"><\/p>\n\n\n\n<p><\/p>\n<\/div><\/div>\n<\/div><\/section><\/div>\n\n\n\n<div class=\"section-wrapper\" data-id=\"Yyrr9F\"><section class=\"wp-block-gutenverse-section guten-element guten-section guten-Yyrr9F layout-boxed align-stretch\"><div class=\"guten-container guten-column-gap-default\">\n<div class=\"wp-block-gutenverse-column guten-element guten-column guten-oJC2UP\"><div class=\"guten-column-wrapper\" data-id=\"oJC2UP\">\n<p class=\"has-normal-font-size\">No Lions Clube, quem pode reportar as atividades do clube \u00e9 geralmente <mark>o Assessor de Servi\u00e7o do clube, mas tamb\u00e9m podem ser o Secret\u00e1rio, o Presidente, um Administrador nomeado pelo clube, o Assessor de Marketing\/Comunica\u00e7\u00f5es ou at\u00e9 um Assessor de TI<\/mark>. Se tamb\u00e9m for PDG do clube, tamb\u00e9m conseguir\u00e1 usar o LION Portal. Para <strong>Leo Clubes<\/strong>, o Presidente, o Secret\u00e1rio ou o Conselheiro t\u00eam permiss\u00e3o para reportar.<\/p>\n\n\n\n<p class=\"has-normal-font-size\"><\/p>\n\n\n\n<p><\/p>\n\n\n\n<p><\/p>\n<\/div><\/div>\n<\/div><\/section><\/div>\n\n\n\n<div class=\"section-wrapper\" data-id=\"Njrlvn\"><section class=\"wp-block-gutenverse-section guten-element guten-section guten-Njrlvn layout-boxed align-stretch\"><div class=\"guten-container guten-column-gap-default\">\n<div class=\"wp-block-gutenverse-column guten-element guten-column guten-dTSUXD\"><div class=\"guten-column-wrapper\" data-id=\"dTSUXD\">\n<div data-wp-interactive=\"core\/file\" class=\"wp-block-file\"><object data-wp-bind--hidden=\"!state.hasPdfPreview\" hidden class=\"wp-block-file__embed\" data=\"https:\/\/dmlc.org.br\/wp\/wp-content\/uploads\/2025\/08\/1.TreinamentoLionPortal.pdf\" type=\"application\/pdf\" style=\"width:100%;height:600px\" aria-label=\"Incorporado de 1.TreinamentoLionPortal.\"><\/object><a id=\"wp-block-file--media-0deeda18-62c1-4d06-9ffc-405b41c1bca9\" href=\"https:\/\/dmlc.org.br\/wp\/wp-content\/uploads\/2025\/08\/1.TreinamentoLionPortal.pdf\" target=\"_blank\" rel=\"noreferrer noopener\">1.TreinamentoLionPortal<\/a><a href=\"https:\/\/dmlc.org.br\/wp\/wp-content\/uploads\/2025\/08\/1.TreinamentoLionPortal.pdf\" class=\"wp-block-file__button wp-element-button\" download aria-describedby=\"wp-block-file--media-0deeda18-62c1-4d06-9ffc-405b41c1bca9\">Baixar<\/a><\/div>\n\n\n\n<h6 class=\"wp-block-gutenverse-heading guten-element guten-eyOiYV\">Clique no link -> <a href=\"https:\/\/dmlc.org.br\/wp\/wp-content\/uploads\/2025\/08\/1.TreinamentoLionPortal.pdf\" target=\"_blank\" rel=\"noreferrer noopener\">Treinamento Lion Portal<\/a><\/h6>\n<\/div><\/div>\n\n\n\n<div class=\"wp-block-gutenverse-column guten-element guten-column guten-aIQGCz\"><div class=\"guten-column-wrapper\" data-id=\"aIQGCz\">\n<div data-wp-interactive=\"core\/file\" class=\"wp-block-file\"><object data-wp-bind--hidden=\"!state.hasPdfPreview\" hidden class=\"wp-block-file__embed\" data=\"https:\/\/dmlc.org.br\/wp\/wp-content\/uploads\/2025\/08\/2.Metricas_AL2023.pdf\" type=\"application\/pdf\" style=\"width:100%;height:600px\" aria-label=\"Incorporado de 2.Metricas_AL2023.\"><\/object><a id=\"wp-block-file--media-29f05012-28f8-4713-9324-4a7b1e0ce52a\" href=\"https:\/\/dmlc.org.br\/wp\/wp-content\/uploads\/2025\/08\/2.Metricas_AL2023.pdf\" target=\"_blank\" rel=\"noreferrer noopener\">2.Metricas_AL2023<\/a><a href=\"https:\/\/dmlc.org.br\/wp\/wp-content\/uploads\/2025\/08\/2.Metricas_AL2023.pdf\" class=\"wp-block-file__button wp-element-button\" download aria-describedby=\"wp-block-file--media-29f05012-28f8-4713-9324-4a7b1e0ce52a\">Baixar<\/a><\/div>\n\n\n\n<h6 class=\"wp-block-gutenverse-heading guten-element guten-fssnDh\">Clique no link -> <a href=\"https:\/\/dmlc.org.br\/wp\/wp-content\/uploads\/2025\/08\/2.Metricas_AL2023.pdf\" target=\"_blank\" rel=\"noreferrer noopener\">M\u00e9tricas &#8211; 2023<\/a><\/h6>\n<\/div><\/div>\n<\/div><\/section><\/div>\n\n\n\n<p><\/p>\n","protected":false},"excerpt":{"rendered":"","protected":false},"author":1,"featured_media":0,"parent":0,"menu_order":0,"comment_status":"closed","ping_status":"closed","template":"","meta":{"footnotes":""},"class_list":["post-505","page","type-page","status-publish","hentry"],"_links":{"self":[{"href":"https:\/\/dmlc.org.br\/wp\/wp-json\/wp\/v2\/pages\/505","targetHints":{"allow":["GET"]}}],"collection":[{"href":"https:\/\/dmlc.org.br\/wp\/wp-json\/wp\/v2\/pages"}],"about":[{"href":"https:\/\/dmlc.org.br\/wp\/wp-json\/wp\/v2\/types\/page"}],"author":[{"embeddable":true,"href":"https:\/\/dmlc.org.br\/wp\/wp-json\/wp\/v2\/users\/1"}],"replies":[{"embeddable":true,"href":"https:\/\/dmlc.org.br\/wp\/wp-json\/wp\/v2\/comments?post=505"}],"version-history":[{"count":15,"href":"https:\/\/dmlc.org.br\/wp\/wp-json\/wp\/v2\/pages\/505\/revisions"}],"predecessor-version":[{"id":538,"href":"https:\/\/dmlc.org.br\/wp\/wp-json\/wp\/v2\/pages\/505\/revisions\/538"}],"wp:attachment":[{"href":"https:\/\/dmlc.org.br\/wp\/wp-json\/wp\/v2\/media?parent=505"}],"curies":[{"name":"wp","href":"https:\/\/api.w.org\/{rel}","templated":true}]}}